{"id":2788,"date":"2025-09-02T12:02:37","date_gmt":"2025-09-02T11:02:37","guid":{"rendered":"https:\/\/maquetes.yomocprojects.com\/new_vvg\/?page_id=2788"},"modified":"2025-09-09T10:53:52","modified_gmt":"2025-09-09T09:53:52","slug":"contactos","status":"publish","type":"page","link":"https:\/\/maquetes.yomocprojects.com\/new_vvg\/pt\/contactos\/","title":{"rendered":"Contactos"},"content":{"rendered":"\t\t<div data-elementor-type=\"wp-page\" data-elementor-id=\"2788\" class=\"elementor elementor-2788\">\n\t\t\t\t\t\t<section class=\"elementor-section elementor-top-section elementor-element elementor-element-ca1656d elementor-section-height-min-height cs-section-content-fullwidth cs-parallax-on-scroll cs_scroll_y_100 elementor-section-boxed elementor-section-height-default elementor-section-items-middle\" data-id=\"ca1656d\" data-element_type=\"section\" data-e-type=\"section\" data-settings=\"{&quot;background_background&quot;:&quot;classic&quot;}\" data-cs-parallax-y=\"100\" style=\"background-image: none;\" data-cs-background-image=\"https:\/\/maquetes.yomocprojects.com\/new_vvg\/wp-content\/uploads\/2025\/07\/villa_vasco_da_gama_home4.jpg\" data-cs-background-image-alt-text=\"\">\n\t\t\t\t\t\t\t<div class=\"elementor-background-overlay\"><\/div>\n\t\t\t\t\t\t\t<div class=\"elementor-container elementor-column-gap-no\">\n\t\t\t\t\t<div class=\"elementor-column elementor-col-100 elementor-top-column elementor-element elementor-element-6b2c1df dark-color\" data-id=\"6b2c1df\" data-element_type=\"column\" data-e-type=\"column\">\n\t\t\t<div class=\"elementor-widget-wrap elementor-element-populated\">\n\t\t\t\t\t\t<div class=\"elementor-element elementor-element-ed3f97e elementor-widget elementor-widget-cs_title\" data-id=\"ed3f97e\" data-element_type=\"widget\" data-widget_type=\"cs_title.default\">\n\t\t\t\t<div class=\"elementor-widget-container\">\n\t\t\t\t\t\n        <div class=\"cs-title-wrap text-center\">\t            <div class=\"cs-subtitle-wrap\"><span class=\"cs-subtitle color-white\">Sabemos como \u00e9 reservar uma estadia num lugar que nunca visitou.<\/span><\/div>\t            <h1 class=\"cs-title\">\n\t                Contacte-nos\t            <\/h1>\t            <div class=\"cs-title-text\">\n\t                <p>\u00c9 por isso que tornamos tudo simples, claro e pessoal, desde a sua primeira mensagem at\u00e9 ao momento do checkout.<\/p>\t            <\/div>        <\/div>\t\t\t\t<\/div>\n\t\t\t\t<\/div>\n\t\t\t\t\t<\/div>\n\t\t<\/div>\n\t\t\t\t\t<\/div>\n\t\t<\/section>\n\t\t\t\t<section class=\"elementor-section elementor-top-section elementor-element elementor-element-ac9ba41 elementor-section-full_width elementor-section-content-middle elementor-section-height-default elementor-section-height-default\" data-id=\"ac9ba41\" data-element_type=\"section\" data-e-type=\"section\">\n\t\t\t\t\t\t<div class=\"elementor-container elementor-column-gap-no\">\n\t\t\t\t\t<div class=\"elementor-column elementor-col-50 elementor-top-column elementor-element elementor-element-a9f3bc2\" data-id=\"a9f3bc2\" data-element_type=\"column\" data-e-type=\"column\">\n\t\t\t<div class=\"elementor-widget-wrap elementor-element-populated\">\n\t\t\t\t\t\t<div class=\"elementor-element elementor-element-d6a0979 elementor-widget elementor-widget-cs_title\" data-id=\"d6a0979\" data-element_type=\"widget\" data-widget_type=\"cs_title.default\">\n\t\t\t\t<div class=\"elementor-widget-container\">\n\t\t\t\t\t\n        <div class=\"cs-title-wrap\">\t            <div class=\"cs-subtitle-wrap\"><span class=\"cs-subtitle\">Informa\u00e7\u00f5es de contacto<\/span><\/div>\t            <h5 class=\"cs-title\">\n\t                Villa Vasco da Gama\t            <\/h5>\t            <div class=\"cs-title-text\">\n\t                <p>Na Villa Vasco da Gama, n\u00e3o h\u00e1 respostas autom\u00e1ticas.<br \/>Falar\u00e1s com pessoas reais que se preocupam com a tua estadia.<br \/>As nossas fotos? Correspondem \u00e0 realidade.<br \/>As nossas avalia\u00e7\u00f5es? Palavras genu\u00ednas dos nossos h\u00f3spedes.<br \/>A nossa equipa? Pronta para ajudar, 24 horas por dia.<\/p><p>Ainda tem d\u00favidas? Escreva-nos ou ligue-nos. Responderemos rapidamente e pessoalmente.<\/p><p>Av. Vasco da Gama 21,<\/p><p>2750-509 Cascais<\/p><p>N\u00famero de telefone: +351 933 671 020<br \/>E-mail: reception@villavascodagama.com<\/p>\t            <\/div>        <\/div>\t\t\t\t<\/div>\n\t\t\t\t<\/div>\n\t\t\t\t<div class=\"elementor-element elementor-element-96e4a08 elementor-widget elementor-widget-html\" data-id=\"96e4a08\" data-element_type=\"widget\" data-e-type=\"widget\" data-widget_type=\"html.default\">\n\t\t\t\t\t<iframe src=\"https:\/\/www.google.com\/maps\/embed?pb=!1m14!1m8!1m3!1d3113.8625261077427!2d-9.423174000000001!3d38.698002!3m2!1i1024!2i768!4f13.1!3m3!1m2!1s0xd1ec42f5cf42ca1%3A0xf618665a80d1aace!2sVilla%20Vasco%20da%20Gama!5e0!3m2!1spt-PT!2sus!4v1756810811389!5m2!1spt-PT!2sus\" width=\"600\" height=\"450\" style=\"border:0;\" allowfullscreen=\"\" loading=\"lazy\" referrerpolicy=\"no-referrer-when-downgrade\"><\/iframe>\t\t\t\t<\/div>\n\t\t\t\t\t<\/div>\n\t\t<\/div>\n\t\t\t\t<div class=\"elementor-column elementor-col-50 elementor-top-column elementor-element elementor-element-a630739\" data-id=\"a630739\" data-element_type=\"column\" data-e-type=\"column\" data-settings=\"{&quot;background_background&quot;:&quot;classic&quot;}\">\n\t\t\t<div class=\"elementor-widget-wrap elementor-element-populated\">\n\t\t\t\t\t\t<section class=\"elementor-section elementor-inner-section elementor-element elementor-element-1165b93 elementor-section-boxed elementor-section-height-default elementor-section-height-default\" data-id=\"1165b93\" data-element_type=\"section\" data-e-type=\"section\" data-settings=\"{&quot;background_background&quot;:&quot;classic&quot;}\">\n\t\t\t\t\t\t<div class=\"elementor-container elementor-column-gap-no\">\n\t\t\t\t\t<div class=\"elementor-column elementor-col-100 elementor-inner-column elementor-element elementor-element-c8421f3\" data-id=\"c8421f3\" data-element_type=\"column\" data-e-type=\"column\">\n\t\t\t<div class=\"elementor-widget-wrap elementor-element-populated\">\n\t\t\t\t\t\t<div class=\"elementor-element elementor-element-ee636a2 elementor-widget elementor-widget-cs_title\" data-id=\"ee636a2\" data-element_type=\"widget\" data-widget_type=\"cs_title.default\">\n\t\t\t\t<div class=\"elementor-widget-container\">\n\t\t\t\t\t\n        <div class=\"cs-title-wrap text-center\">\t            <div class=\"cs-subtitle-wrap\"><span class=\"cs-subtitle\">Formul\u00e1rio de contacto<\/span><\/div>\t            <h5 class=\"cs-title\">\n\t                Vamos conversar\t            <\/h5>        <\/div>\t\t\t\t<\/div>\n\t\t\t\t<\/div>\n\t\t\t\t<div class=\"elementor-element elementor-element-d1eca60 elementor-widget elementor-widget-cs_form_cf7\" data-id=\"d1eca60\" data-element_type=\"widget\" data-widget_type=\"cs_form_cf7.default\">\n\t\t\t\t<div class=\"elementor-widget-container\">\n\t\t\t\t\t            <div class=\"cs-form-cf7 placeholder-normal\">\n                <div class=\"cs-form-cf7-wrap\">\n<div class=\"wpcf7 no-js\" id=\"wpcf7-f23-o1\" lang=\"pt-BR\" dir=\"ltr\" data-wpcf7-id=\"23\">\n<div class=\"screen-reader-response\"><p role=\"status\" aria-live=\"polite\" aria-atomic=\"true\"><\/p> <ul><\/ul><\/div>\n<form action=\"\/new_vvg\/wp-json\/wp\/v2\/pages\/2788#wpcf7-f23-o1\" method=\"post\" class=\"wpcf7-form init\" aria-label=\"Formul\u00e1rios de contato\" novalidate=\"novalidate\" data-status=\"init\">\n<fieldset class=\"hidden-fields-container\"><input type=\"hidden\" name=\"_wpcf7\" value=\"23\" \/><input type=\"hidden\" name=\"_wpcf7_version\" value=\"6.1.4\" \/><input type=\"hidden\" name=\"_wpcf7_locale\" value=\"pt_BR\" \/><input type=\"hidden\" name=\"_wpcf7_unit_tag\" value=\"wpcf7-f23-o1\" \/><input type=\"hidden\" name=\"_wpcf7_container_post\" value=\"0\" \/><input type=\"hidden\" name=\"_wpcf7_posted_data_hash\" value=\"\" \/>\n<\/fieldset>\n<p><label> O seu nome<br \/>\n<span class=\"wpcf7-form-control-wrap\" data-name=\"your-name\"><input size=\"40\" maxlength=\"400\" class=\"wpcf7-form-control wpcf7-text wpcf7-validates-as-required\" autocomplete=\"name\" aria-required=\"true\" aria-invalid=\"false\" value=\"\" type=\"text\" name=\"your-name\" \/><\/span> <\/label>\n<\/p>\n<p><label> O seu email<br \/>\n<span class=\"wpcf7-form-control-wrap\" data-name=\"your-email\"><input size=\"40\" maxlength=\"400\" class=\"wpcf7-form-control wpcf7-email wpcf7-validates-as-required wpcf7-text wpcf7-validates-as-email\" autocomplete=\"email\" aria-required=\"true\" aria-invalid=\"false\" value=\"\" type=\"email\" name=\"your-email\" \/><\/span> <\/label>\n<\/p>\n<p><label> Assunto<br \/>\n<span class=\"wpcf7-form-control-wrap\" data-name=\"your-subject\"><input size=\"40\" maxlength=\"400\" class=\"wpcf7-form-control wpcf7-text wpcf7-validates-as-required\" aria-required=\"true\" aria-invalid=\"false\" value=\"\" type=\"text\" name=\"your-subject\" \/><\/span> <\/label>\n<\/p>\n<p><label> Mensagem<br \/>\n<span class=\"wpcf7-form-control-wrap\" data-name=\"your-message\"><textarea cols=\"40\" rows=\"10\" maxlength=\"2000\" class=\"wpcf7-form-control wpcf7-textarea\" aria-invalid=\"false\" name=\"your-message\"><\/textarea><\/span> <\/label>\n<\/p>\n<p><input class=\"wpcf7-form-control wpcf7-submit has-spinner\" type=\"submit\" value=\"Enviar\" \/>\n<\/p><div class=\"wpcf7-response-output\" aria-hidden=\"true\"><\/div>\n<\/form>\n<\/div>\n<\/div>\n            <\/div>\t\t\t\t<\/div>\n\t\t\t\t<\/div>\n\t\t\t\t\t<\/div>\n\t\t<\/div>\n\t\t\t\t\t<\/div>\n\t\t<\/section>\n\t\t\t\t\t<\/div>\n\t\t<\/div>\n\t\t\t\t\t<\/div>\n\t\t<\/section>\n\t\t\t\t<\/div>\n\t\t","protected":false},"excerpt":{"rendered":"<p>Sabemos como \u00e9 reservar uma estadia num lugar que nunca visitou. Contacte-nos \u00c9 por isso que tornamos tudo simples, claro e pessoal, desde a sua primeira mensagem at\u00e9 ao momento do checkout. Informa\u00e7\u00f5es de contacto Villa Vasco da Gama Na Villa Vasco da Gama, n\u00e3o h\u00e1 respostas autom\u00e1ticas.Falar\u00e1s com pessoas reais que se preocupam com &#8230;<\/p>\n","protected":false},"author":1,"featured_media":0,"parent":0,"menu_order":0,"comment_status":"closed","ping_status":"closed","template":"template-wide-content.php","meta":{"_monsterinsights_skip_tracking":false,"_monsterinsights_sitenote_active":false,"_monsterinsights_sitenote_note":"","_monsterinsights_sitenote_category":0,"cozystay_single_page_hide_site_header":"","cozystay_single_page_site_header_source":"","cozystay_single_page_custom_site_header":"0","cozystay_single_page_custom_sticky_site_header":"0","cozystay_single_page_hide_page_title":"on","cozystay_single_page_header_section_size":"","cozystay_single_page_header_background_color":"","cozystay_single_page_header_background_position_x":"center","cozystay_single_page_header_background_position_y":"center","cozystay_single_page_header_background_size":"cover","cozystay_single_page_header_background_repeat":"off","cozystay_single_page_header_background_scroll":"on","cozystay_single_page_header_text_color":"","cozystay_single_page_header_show_breadcrumb":"","cozystay_single_page_site_footer_hide_main":"","cozystay_single_custom_site_footer_main_source":"","cozystay_single_custom_site_footer_main":"0","cozystay_single_page_site_footer_hide_above":"","cozystay_single_custom_site_footer_above_source":"","cozystay_single_custom_site_footer_above":"0","cozystay_single_page_site_footer_hide_instagram":"","cozystay_single_page_site_footer_hide_bottom":"","cozystay_single_custom_mobile_menu_source":"","cozystay_single_custom_mobile_menu":"0","cozystay_single_custom_mobile_menu_animation":"","cozystay_single_custom_mobile_menu_width":"","cozystay_single_custom_mobile_menu_custom_width":375,"footnotes":""},"class_list":["post-2788","page","type-page","status-publish","hentry"],"yoast_head":"<!-- This site is optimized with the Yoast SEO plugin v26.5 - https:\/\/yoast.com\/wordpress\/plugins\/seo\/ -->\n<title>Contactos - Villa Vasco da Gama<\/title>\n<meta name=\"robots\" content=\"index, follow, max-snippet:-1, max-image-preview:large, max-video-preview:-1\" \/>\n<link rel=\"canonical\" href=\"https:\/\/maquetes.yomocprojects.com\/new_vvg\/pt\/contactos\/\" \/>\n<meta property=\"og:locale\" content=\"en_US\" \/>\n<meta property=\"og:type\" content=\"article\" \/>\n<meta property=\"og:title\" content=\"Contactos - Villa Vasco da Gama\" \/>\n<meta property=\"og:description\" content=\"Sabemos como \u00e9 reservar uma estadia num lugar que nunca visitou. Contacte-nos \u00c9 por isso que tornamos tudo simples, claro e pessoal, desde a sua primeira mensagem at\u00e9 ao momento do checkout. Informa\u00e7\u00f5es de contacto Villa Vasco da Gama Na Villa Vasco da Gama, n\u00e3o h\u00e1 respostas autom\u00e1ticas.Falar\u00e1s com pessoas reais que se preocupam com ...\" \/>\n<meta property=\"og:url\" content=\"https:\/\/maquetes.yomocprojects.com\/new_vvg\/pt\/contactos\/\" \/>\n<meta property=\"og:site_name\" content=\"Villa Vasco da Gama\" \/>\n<meta property=\"article:modified_time\" content=\"2025-09-09T09:53:52+00:00\" \/>\n<meta name=\"twitter:card\" content=\"summary_large_image\" \/>\n<meta name=\"twitter:label1\" content=\"Est. reading time\" \/>\n\t<meta name=\"twitter:data1\" content=\"1 minute\" \/>\n<script type=\"application\/ld+json\" class=\"yoast-schema-graph\">{\"@context\":\"https:\/\/schema.org\",\"@graph\":[{\"@type\":\"WebPage\",\"@id\":\"https:\/\/maquetes.yomocprojects.com\/new_vvg\/pt\/contactos\/\",\"url\":\"https:\/\/maquetes.yomocprojects.com\/new_vvg\/pt\/contactos\/\",\"name\":\"Contactos - Villa Vasco da Gama\",\"isPartOf\":{\"@id\":\"https:\/\/maquetes.yomocprojects.com\/new_vvg\/#website\"},\"datePublished\":\"2025-09-02T11:02:37+00:00\",\"dateModified\":\"2025-09-09T09:53:52+00:00\",\"breadcrumb\":{\"@id\":\"https:\/\/maquetes.yomocprojects.com\/new_vvg\/pt\/contactos\/#breadcrumb\"},\"inLanguage\":\"en-US\",\"potentialAction\":[{\"@type\":\"ReadAction\",\"target\":[\"https:\/\/maquetes.yomocprojects.com\/new_vvg\/pt\/contactos\/\"]}]},{\"@type\":\"BreadcrumbList\",\"@id\":\"https:\/\/maquetes.yomocprojects.com\/new_vvg\/pt\/contactos\/#breadcrumb\",\"itemListElement\":[{\"@type\":\"ListItem\",\"position\":1,\"name\":\"Home\",\"item\":\"https:\/\/www.villavascodagama.com\/\"},{\"@type\":\"ListItem\",\"position\":2,\"name\":\"Contactos\"}]},{\"@type\":\"WebSite\",\"@id\":\"https:\/\/maquetes.yomocprojects.com\/new_vvg\/#website\",\"url\":\"https:\/\/maquetes.yomocprojects.com\/new_vvg\/\",\"name\":\"Villa Vasco da Gama\",\"description\":\"Cascais - Guest House\",\"publisher\":{\"@id\":\"https:\/\/maquetes.yomocprojects.com\/new_vvg\/#organization\"},\"potentialAction\":[{\"@type\":\"SearchAction\",\"target\":{\"@type\":\"EntryPoint\",\"urlTemplate\":\"https:\/\/maquetes.yomocprojects.com\/new_vvg\/?s={search_term_string}\"},\"query-input\":{\"@type\":\"PropertyValueSpecification\",\"valueRequired\":true,\"valueName\":\"search_term_string\"}}],\"inLanguage\":\"en-US\"},{\"@type\":\"Organization\",\"@id\":\"https:\/\/maquetes.yomocprojects.com\/new_vvg\/#organization\",\"name\":\"Villa Vasco da Gama\",\"url\":\"https:\/\/maquetes.yomocprojects.com\/new_vvg\/\",\"logo\":{\"@type\":\"ImageObject\",\"inLanguage\":\"en-US\",\"@id\":\"https:\/\/maquetes.yomocprojects.com\/new_vvg\/#\/schema\/logo\/image\/\",\"url\":\"https:\/\/maquetes.yomocprojects.com\/new_vvg\/wp-content\/uploads\/2025\/07\/villa-vasco-da-gama-logo_vvg.png\",\"contentUrl\":\"https:\/\/maquetes.yomocprojects.com\/new_vvg\/wp-content\/uploads\/2025\/07\/villa-vasco-da-gama-logo_vvg.png\",\"width\":317,\"height\":65,\"caption\":\"Villa Vasco da Gama\"},\"image\":{\"@id\":\"https:\/\/maquetes.yomocprojects.com\/new_vvg\/#\/schema\/logo\/image\/\"}}]}<\/script>\n<!-- \/ Yoast SEO plugin. -->","yoast_head_json":{"title":"Contactos - Villa Vasco da Gama","robots":{"index":"index","follow":"follow","max-snippet":"max-snippet:-1","max-image-preview":"max-image-preview:large","max-video-preview":"max-video-preview:-1"},"canonical":"https:\/\/maquetes.yomocprojects.com\/new_vvg\/pt\/contactos\/","og_locale":"en_US","og_type":"article","og_title":"Contactos - Villa Vasco da Gama","og_description":"Sabemos como \u00e9 reservar uma estadia num lugar que nunca visitou. Contacte-nos \u00c9 por isso que tornamos tudo simples, claro e pessoal, desde a sua primeira mensagem at\u00e9 ao momento do checkout. Informa\u00e7\u00f5es de contacto Villa Vasco da Gama Na Villa Vasco da Gama, n\u00e3o h\u00e1 respostas autom\u00e1ticas.Falar\u00e1s com pessoas reais que se preocupam com ...","og_url":"https:\/\/maquetes.yomocprojects.com\/new_vvg\/pt\/contactos\/","og_site_name":"Villa Vasco da Gama","article_modified_time":"2025-09-09T09:53:52+00:00","twitter_card":"summary_large_image","twitter_misc":{"Est. reading time":"1 minute"},"schema":{"@context":"https:\/\/schema.org","@graph":[{"@type":"WebPage","@id":"https:\/\/maquetes.yomocprojects.com\/new_vvg\/pt\/contactos\/","url":"https:\/\/maquetes.yomocprojects.com\/new_vvg\/pt\/contactos\/","name":"Contactos - Villa Vasco da Gama","isPartOf":{"@id":"https:\/\/maquetes.yomocprojects.com\/new_vvg\/#website"},"datePublished":"2025-09-02T11:02:37+00:00","dateModified":"2025-09-09T09:53:52+00:00","breadcrumb":{"@id":"https:\/\/maquetes.yomocprojects.com\/new_vvg\/pt\/contactos\/#breadcrumb"},"inLanguage":"en-US","potentialAction":[{"@type":"ReadAction","target":["https:\/\/maquetes.yomocprojects.com\/new_vvg\/pt\/contactos\/"]}]},{"@type":"BreadcrumbList","@id":"https:\/\/maquetes.yomocprojects.com\/new_vvg\/pt\/contactos\/#breadcrumb","itemListElement":[{"@type":"ListItem","position":1,"name":"Home","item":"https:\/\/www.villavascodagama.com\/"},{"@type":"ListItem","position":2,"name":"Contactos"}]},{"@type":"WebSite","@id":"https:\/\/maquetes.yomocprojects.com\/new_vvg\/#website","url":"https:\/\/maquetes.yomocprojects.com\/new_vvg\/","name":"Villa Vasco da Gama","description":"Cascais - Guest House","publisher":{"@id":"https:\/\/maquetes.yomocprojects.com\/new_vvg\/#organization"},"potentialAction":[{"@type":"SearchAction","target":{"@type":"EntryPoint","urlTemplate":"https:\/\/maquetes.yomocprojects.com\/new_vvg\/?s={search_term_string}"},"query-input":{"@type":"PropertyValueSpecification","valueRequired":true,"valueName":"search_term_string"}}],"inLanguage":"en-US"},{"@type":"Organization","@id":"https:\/\/maquetes.yomocprojects.com\/new_vvg\/#organization","name":"Villa Vasco da Gama","url":"https:\/\/maquetes.yomocprojects.com\/new_vvg\/","logo":{"@type":"ImageObject","inLanguage":"en-US","@id":"https:\/\/maquetes.yomocprojects.com\/new_vvg\/#\/schema\/logo\/image\/","url":"https:\/\/maquetes.yomocprojects.com\/new_vvg\/wp-content\/uploads\/2025\/07\/villa-vasco-da-gama-logo_vvg.png","contentUrl":"https:\/\/maquetes.yomocprojects.com\/new_vvg\/wp-content\/uploads\/2025\/07\/villa-vasco-da-gama-logo_vvg.png","width":317,"height":65,"caption":"Villa Vasco da Gama"},"image":{"@id":"https:\/\/maquetes.yomocprojects.com\/new_vvg\/#\/schema\/logo\/image\/"}}]}},"_links":{"self":[{"href":"https:\/\/maquetes.yomocprojects.com\/new_vvg\/wp-json\/wp\/v2\/pages\/2788","targetHints":{"allow":["GET"]}}],"collection":[{"href":"https:\/\/maquetes.yomocprojects.com\/new_vvg\/wp-json\/wp\/v2\/pages"}],"about":[{"href":"https:\/\/maquetes.yomocprojects.com\/new_vvg\/wp-json\/wp\/v2\/types\/page"}],"author":[{"embeddable":true,"href":"https:\/\/maquetes.yomocprojects.com\/new_vvg\/wp-json\/wp\/v2\/users\/1"}],"replies":[{"embeddable":true,"href":"https:\/\/maquetes.yomocprojects.com\/new_vvg\/wp-json\/wp\/v2\/comments?post=2788"}],"version-history":[{"count":5,"href":"https:\/\/maquetes.yomocprojects.com\/new_vvg\/wp-json\/wp\/v2\/pages\/2788\/revisions"}],"predecessor-version":[{"id":2827,"href":"https:\/\/maquetes.yomocprojects.com\/new_vvg\/wp-json\/wp\/v2\/pages\/2788\/revisions\/2827"}],"wp:attachment":[{"href":"https:\/\/maquetes.yomocprojects.com\/new_vvg\/wp-json\/wp\/v2\/media?parent=2788"}],"curies":[{"name":"wp","href":"https:\/\/api.w.org\/{rel}","templated":true}]}}